{"id":606,"date":"2022-10-18T11:07:48","date_gmt":"2022-10-18T09:07:48","guid":{"rendered":"https:\/\/virginiepetratos.com\/?page_id=606"},"modified":"2023-12-12T09:51:20","modified_gmt":"2023-12-12T08:51:20","slug":"3-services-flip","status":"publish","type":"page","link":"https:\/\/virginiepetratos.com\/index.php\/3-services-flip\/","title":{"rendered":"3 services Flip"},"content":{"rendered":"\t\t<div data-elementor-type=\"wp-page\" data-elementor-id=\"606\" class=\"elementor elementor-606\" data-elementor-post-type=\"page\">\n\t\t\t\t\t\t<section class=\"elementor-section elementor-top-section elementor-element elementor-element-e401ed7 elementor-section-boxed elementor-section-height-default elementor-section-height-default\" data-id=\"e401ed7\" data-element_type=\"section\" data-e-type=\"section\" data-settings=\"{&quot;background_background&quot;:&quot;classic&quot;}\">\n\t\t\t\t\t\t\t<div class=\"elementor-background-overlay\"><\/div>\n\t\t\t\t\t\t\t<div class=\"elementor-container elementor-column-gap-default\">\n\t\t\t\t\t<div class=\"elementor-column elementor-col-100 elementor-top-column elementor-element elementor-element-2dbab67\" data-id=\"2dbab67\" data-element_type=\"column\" data-e-type=\"column\">\n\t\t\t<div class=\"elementor-widget-wrap elementor-element-populated\">\n\t\t\t\t\t\t<div class=\"elementor-element elementor-element-9b3e30f elementor-headline--style-rotate elementor-widget elementor-widget-animated-headline\" data-id=\"9b3e30f\" data-element_type=\"widget\" data-e-type=\"widget\" data-settings=\"{&quot;headline_style&quot;:&quot;rotate&quot;,&quot;animation_type&quot;:&quot;wave&quot;,&quot;rotating_text&quot;:&quot;communication graphique\\nth\\u00e9rapie psychocorporelle\\ncr\\u00e9ation d&#039;espace wahou&quot;,&quot;loop&quot;:&quot;yes&quot;,&quot;rotate_iteration_delay&quot;:2500}\" data-widget_type=\"animated-headline.default\">\n\t\t\t\t<div class=\"elementor-widget-container\">\n\t\t\t\t\t\t\t<h1 class=\"elementor-headline elementor-headline-animation-type-wave elementor-headline-letters\">\n\t\t\t\t\t<span class=\"elementor-headline-plain-text elementor-headline-text-wrapper\">Tu recherches un accompagnement en...<br><\/span>\n\t\t\t\t<span class=\"elementor-headline-dynamic-wrapper elementor-headline-text-wrapper\">\n\t\t\t\t\t<span class=\"elementor-headline-dynamic-text elementor-headline-text-active\">\n\t\t\t\tcommunication&nbsp;graphique\t\t\t<\/span>\n\t\t\t\t\t<span class=\"elementor-headline-dynamic-text\">\n\t\t\t\tth\u00e9rapie&nbsp;psychocorporelle\t\t\t<\/span>\n\t\t\t\t\t<span class=\"elementor-headline-dynamic-text\">\n\t\t\t\tcr\u00e9ation&nbsp;d'espace&nbsp;wahou\t\t\t<\/span>\n\t\t\t\t\t\t<\/span>\n\t\t\t\t\t<span class=\"elementor-headline-plain-text elementor-headline-text-wrapper\">?<\/span>\n\t\t\t\t\t<\/h1>\n\t\t\t\t\t\t<\/div>\n\t\t\t\t<\/div>\n\t\t\t\t\t<\/div>\n\t\t<\/div>\n\t\t\t\t\t<\/div>\n\t\t<\/section>\n\t\t\t\t<section class=\"elementor-section elementor-top-section elementor-element elementor-element-2e27d50 elementor-section-height-min-height animated-slow elementor-section-boxed elementor-section-height-default elementor-section-items-middle elementor-invisible\" data-id=\"2e27d50\" data-element_type=\"section\" data-e-type=\"section\" data-settings=\"{&quot;background_background&quot;:&quot;gradient&quot;,&quot;animation&quot;:&quot;fadeInUp&quot;,&quot;animation_delay&quot;:300}\">\n\t\t\t\t\t\t\t<div class=\"elementor-background-overlay\"><\/div>\n\t\t\t\t\t\t\t<div class=\"elementor-container elementor-column-gap-default\">\n\t\t\t\t\t<div class=\"elementor-column elementor-col-33 elementor-top-column elementor-element elementor-element-78e0919\" data-id=\"78e0919\" data-element_type=\"column\" data-e-type=\"column\">\n\t\t\t<div class=\"elementor-widget-wrap elementor-element-populated\">\n\t\t\t\t\t\t<div class=\"elementor-element elementor-element-ce8fcd6 elementor-flip-box--effect-fade elementor-widget__width-initial elementor-widget elementor-widget-flip-box\" data-id=\"ce8fcd6\" data-element_type=\"widget\" data-e-type=\"widget\" data-widget_type=\"flip-box.default\">\n\t\t\t\t<div class=\"elementor-widget-container\">\n\t\t\t\t\t\t\t<div class=\"elementor-flip-box\" tabindex=\"0\">\n\t\t\t<div class=\"elementor-flip-box__layer elementor-flip-box__front\">\n\t\t\t\t<div class=\"elementor-flip-box__layer__overlay\">\n\t\t\t\t\t<div class=\"elementor-flip-box__layer__inner\">\n\t\t\t\t\t\t\t\t\t\t\t\t\t<div class=\"elementor-flip-box__image\">\n\t\t\t\t\t\t\t\t<img fetchpriority=\"high\" decoding=\"async\" width=\"650\" height=\"1192\" src=\"https:\/\/virginiepetratos.com\/wp-content\/uploads\/2022\/10\/22_Logo_AT_E\u0302tre.webp\" class=\"attachment-full size-full wp-image-619\" alt=\"\" srcset=\"https:\/\/virginiepetratos.com\/wp-content\/uploads\/2022\/10\/22_Logo_AT_E\u0302tre.webp 650w, https:\/\/virginiepetratos.com\/wp-content\/uploads\/2022\/10\/22_Logo_AT_E\u0302tre-600x1100.webp 600w, https:\/\/virginiepetratos.com\/wp-content\/uploads\/2022\/10\/22_Logo_AT_E\u0302tre-164x300.webp 164w, https:\/\/virginiepetratos.com\/wp-content\/uploads\/2022\/10\/22_Logo_AT_E\u0302tre-558x1024.webp 558w\" sizes=\"(max-width: 650px) 100vw, 650px\" \/>\t\t\t\t\t\t\t<\/div>\n\t\t\t\t\t\t\n\t\t\t\t\t\t\n\t\t\t\t\t\t\t\t\t\t\t<\/div>\n\t\t\t\t<\/div>\n\t\t\t<\/div>\n\t\t\t<div class=\"elementor-flip-box__layer elementor-flip-box__back\">\n\t\t\t<div class=\"elementor-flip-box__layer__overlay\">\n\t\t\t\t<div class=\"elementor-flip-box__layer__inner\">\n\t\t\t\t\t\t\t\t\t\t\t<h3 class=\"elementor-flip-box__layer__title\">\n\t\t\t\t\t\t\tTh\u00e9rapie psychocorporelle\t\t\t\t\t\t<\/h3>\n\t\t\t\t\t\n\t\t\t\t\t\t\t\t\t\t\t<div class=\"elementor-flip-box__layer__description\">\n\t\t\t\t\t\t\tJe t'accompagne \u00e0 solutionner des difficult\u00e9s physiques et \u00e9motionnelles, ou \u00e0 sortir de tes sch\u00e9mas r\u00e9p\u00e9titifs, pour mieux vivre ton quotidien...\t\t\t\t\t\t<\/div>\n\t\t\t\t\t\n\t\t\t\t\t\t\t\t\t\t\t<a class=\"elementor-flip-box__button elementor-button elementor-size-xs\" href=\"https:\/\/virginiepetratos.com\/index.php\/etre-avectoi\/\">\n\t\t\t\t\t\t\tJe tente\t\t\t\t\t\t<\/a>\n\t\t\t\t\t\t\t\t<\/div>\n\t\t<\/div>\n\t\t<\/div>\n\t\t<\/div>\n\t\t\t\t\t\t<\/div>\n\t\t\t\t<\/div>\n\t\t\t\t\t<\/div>\n\t\t<\/div>\n\t\t\t\t<div class=\"elementor-column elementor-col-33 elementor-top-column elementor-element elementor-element-27e680f\" data-id=\"27e680f\" data-element_type=\"column\" data-e-type=\"column\">\n\t\t\t<div class=\"elementor-widget-wrap elementor-element-populated\">\n\t\t\t\t\t\t<div class=\"elementor-element elementor-element-e5d6e0f elementor-flip-box--effect-fade elementor-widget__width-initial elementor-widget elementor-widget-flip-box\" data-id=\"e5d6e0f\" data-element_type=\"widget\" data-e-type=\"widget\" data-widget_type=\"flip-box.default\">\n\t\t\t\t<div class=\"elementor-widget-container\">\n\t\t\t\t\t\t\t<div class=\"elementor-flip-box\" tabindex=\"0\">\n\t\t\t<div class=\"elementor-flip-box__layer elementor-flip-box__front\">\n\t\t\t\t<div class=\"elementor-flip-box__layer__overlay\">\n\t\t\t\t\t<div class=\"elementor-flip-box__layer__inner\">\n\t\t\t\t\t\t\t\t\t\t\t\t\t<div class=\"elementor-flip-box__image\">\n\t\t\t\t\t\t\t\t<img decoding=\"async\" width=\"649\" height=\"1194\" src=\"https:\/\/virginiepetratos.com\/wp-content\/uploads\/2022\/10\/22_Logo_AT_Com.webp\" class=\"attachment-full size-full wp-image-691\" alt=\"\" srcset=\"https:\/\/virginiepetratos.com\/wp-content\/uploads\/2022\/10\/22_Logo_AT_Com.webp 649w, https:\/\/virginiepetratos.com\/wp-content\/uploads\/2022\/10\/22_Logo_AT_Com-600x1104.webp 600w, https:\/\/virginiepetratos.com\/wp-content\/uploads\/2022\/10\/22_Logo_AT_Com-163x300.webp 163w, https:\/\/virginiepetratos.com\/wp-content\/uploads\/2022\/10\/22_Logo_AT_Com-557x1024.webp 557w\" sizes=\"(max-width: 649px) 100vw, 649px\" \/>\t\t\t\t\t\t\t<\/div>\n\t\t\t\t\t\t\n\t\t\t\t\t\t\n\t\t\t\t\t\t\t\t\t\t\t<\/div>\n\t\t\t\t<\/div>\n\t\t\t<\/div>\n\t\t\t<div class=\"elementor-flip-box__layer elementor-flip-box__back\">\n\t\t\t<div class=\"elementor-flip-box__layer__overlay\">\n\t\t\t\t<div class=\"elementor-flip-box__layer__inner\">\n\t\t\t\t\t\t\t\t\t\t\t<h3 class=\"elementor-flip-box__layer__title\">\n\t\t\t\t\t\t\tFaire sa COM' <br>\u00e0 son image\t\t\t\t\t\t<\/h3>\n\t\t\t\t\t\n\t\t\t\t\t\t\t\t\t\t\t<div class=\"elementor-flip-box__layer__description\">\n\t\t\t\t\t\t\tOffre-toi la possibilit\u00e9 de vivre pleinement de ton activit\u00e9 en affirmant les valeurs de ton entreprise par la cr\u00e9ation d'une communication graphique sur-mesure !\t\t\t\t\t\t<\/div>\n\t\t\t\t\t\n\t\t\t\t\t\t\t\t\t\t\t<a class=\"elementor-flip-box__button elementor-button elementor-size-xs\" href=\"https:\/\/virginiepetratos.com\/index.php\/comavectoi-2\/\">\n\t\t\t\t\t\t\tJe d\u00e9couvre\t\t\t\t\t\t<\/a>\n\t\t\t\t\t\t\t\t<\/div>\n\t\t<\/div>\n\t\t<\/div>\n\t\t<\/div>\n\t\t\t\t\t\t<\/div>\n\t\t\t\t<\/div>\n\t\t\t\t\t<\/div>\n\t\t<\/div>\n\t\t\t\t<div class=\"elementor-column elementor-col-33 elementor-top-column elementor-element elementor-element-4420ab8\" data-id=\"4420ab8\" data-element_type=\"column\" data-e-type=\"column\">\n\t\t\t<div class=\"elementor-widget-wrap elementor-element-populated\">\n\t\t\t\t\t\t<div class=\"elementor-element elementor-element-e69174e elementor-flip-box--effect-fade elementor-widget__width-initial elementor-widget elementor-widget-flip-box\" data-id=\"e69174e\" data-element_type=\"widget\" data-e-type=\"widget\" data-widget_type=\"flip-box.default\">\n\t\t\t\t<div class=\"elementor-widget-container\">\n\t\t\t\t\t\t\t<div class=\"elementor-flip-box\" tabindex=\"0\">\n\t\t\t<div class=\"elementor-flip-box__layer elementor-flip-box__front\">\n\t\t\t\t<div class=\"elementor-flip-box__layer__overlay\">\n\t\t\t\t\t<div class=\"elementor-flip-box__layer__inner\">\n\t\t\t\t\t\t\t\t\t\t\t\t\t<div class=\"elementor-flip-box__image\">\n\t\t\t\t\t\t\t\t<img decoding=\"async\" width=\"648\" height=\"1196\" src=\"https:\/\/virginiepetratos.com\/wp-content\/uploads\/2022\/10\/22_Logo_AT_Boutique.webp\" class=\"attachment-full size-full wp-image-692\" alt=\"\" srcset=\"https:\/\/virginiepetratos.com\/wp-content\/uploads\/2022\/10\/22_Logo_AT_Boutique.webp 648w, https:\/\/virginiepetratos.com\/wp-content\/uploads\/2022\/10\/22_Logo_AT_Boutique-600x1107.webp 600w, https:\/\/virginiepetratos.com\/wp-content\/uploads\/2022\/10\/22_Logo_AT_Boutique-163x300.webp 163w, https:\/\/virginiepetratos.com\/wp-content\/uploads\/2022\/10\/22_Logo_AT_Boutique-555x1024.webp 555w\" sizes=\"(max-width: 648px) 100vw, 648px\" \/>\t\t\t\t\t\t\t<\/div>\n\t\t\t\t\t\t\n\t\t\t\t\t\t\n\t\t\t\t\t\t\t\t\t\t\t<\/div>\n\t\t\t\t<\/div>\n\t\t\t<\/div>\n\t\t\t<div class=\"elementor-flip-box__layer elementor-flip-box__back\">\n\t\t\t<div class=\"elementor-flip-box__layer__overlay\">\n\t\t\t\t<div class=\"elementor-flip-box__layer__inner\">\n\t\t\t\t\t\t\t\t\t\t\t<h3 class=\"elementor-flip-box__layer__title\">\n\t\t\t\t\t\t\tFlow &amp; cr\u00e9ations\t\t\t\t\t\t<\/h3>\n\t\t\t\t\t\n\t\t\t\t\t\t\t\t\t\t\t<div class=\"elementor-flip-box__layer__description\">\n\t\t\t\t\t\t\tJe t'invite \u00e0 te laisser surprendre par mes cr\u00e9ations et \u00e0 inventer avec moi ce qui te fait vibrer... \t\t\t\t\t\t<\/div>\n\t\t\t\t\t\n\t\t\t\t\t\t\t\t\t\t\t<a class=\"elementor-flip-box__button elementor-button elementor-size-xs\" href=\"https:\/\/virginiepetratos.com\/index.php\/creer-avectoi\/\">\n\t\t\t\t\t\t\tJe visite\t\t\t\t\t\t<\/a>\n\t\t\t\t\t\t\t\t<\/div>\n\t\t<\/div>\n\t\t<\/div>\n\t\t<\/div>\n\t\t\t\t\t\t<\/div>\n\t\t\t\t<\/div>\n\t\t\t\t\t<\/div>\n\t\t<\/div>\n\t\t\t\t\t<\/div>\n\t\t<\/section>\n\t\t\t\t<\/div>\n\t\t","protected":false},"excerpt":{"rendered":"<p>Tu recherches un accompagnement en&#8230; communication&nbsp;graphique th\u00e9rapie&nbsp;psychocorporelle cr\u00e9ation&nbsp;d&rsquo;espace&nbsp;wahou ? Th\u00e9rapie psychocorporelle Je t&rsquo;accompagne \u00e0 solutionner des difficult\u00e9s physiques et \u00e9motionnelles, ou \u00e0 sortir de tes sch\u00e9mas r\u00e9p\u00e9titifs, pour mieux vivre ton quotidien&#8230; Je tente Faire sa COM&rsquo; \u00e0 son image Offre-toi la possibilit\u00e9 de vivre pleinement de ton activit\u00e9 en affirmant les valeurs de ton [&hellip;]<\/p>\n","protected":false},"author":1,"featured_media":0,"parent":0,"menu_order":0,"comment_status":"closed","ping_status":"closed","template":"","meta":{"footnotes":""},"class_list":["post-606","page","type-page","status-publish","hentry"],"_links":{"self":[{"href":"https:\/\/virginiepetratos.com\/index.php\/wp-json\/wp\/v2\/pages\/606","targetHints":{"allow":["GET"]}}],"collection":[{"href":"https:\/\/virginiepetratos.com\/index.php\/wp-json\/wp\/v2\/pages"}],"about":[{"href":"https:\/\/virginiepetratos.com\/index.php\/wp-json\/wp\/v2\/types\/page"}],"author":[{"embeddable":true,"href":"https:\/\/virginiepetratos.com\/index.php\/wp-json\/wp\/v2\/users\/1"}],"replies":[{"embeddable":true,"href":"https:\/\/virginiepetratos.com\/index.php\/wp-json\/wp\/v2\/comments?post=606"}],"version-history":[{"count":198,"href":"https:\/\/virginiepetratos.com\/index.php\/wp-json\/wp\/v2\/pages\/606\/revisions"}],"predecessor-version":[{"id":7517,"href":"https:\/\/virginiepetratos.com\/index.php\/wp-json\/wp\/v2\/pages\/606\/revisions\/7517"}],"wp:attachment":[{"href":"https:\/\/virginiepetratos.com\/index.php\/wp-json\/wp\/v2\/media?parent=606"}],"curies":[{"name":"wp","href":"https:\/\/api.w.org\/{rel}","templated":true}]}}