{"id":2871,"date":"2022-11-21T16:15:06","date_gmt":"2022-11-21T15:15:06","guid":{"rendered":"https:\/\/virginiepetratos.com\/?page_id=2871"},"modified":"2023-01-09T16:29:30","modified_gmt":"2023-01-09T15:29:30","slug":"blog","status":"publish","type":"page","link":"https:\/\/virginiepetratos.com\/index.php\/blog\/","title":{"rendered":"Blog"},"content":{"rendered":"\t\t<div data-elementor-type=\"wp-page\" data-elementor-id=\"2871\" class=\"elementor elementor-2871\" data-elementor-post-type=\"page\">\n\t\t\t\t\t\t<section class=\"elementor-section elementor-top-section elementor-element elementor-element-58ddbbd elementor-section-boxed elementor-section-height-default elementor-section-height-default\" data-id=\"58ddbbd\" data-element_type=\"section\" data-e-type=\"section\" data-settings=\"{&quot;background_background&quot;:&quot;gradient&quot;}\">\n\t\t\t\t\t\t<div class=\"elementor-container elementor-column-gap-default\">\n\t\t\t\t\t<div class=\"elementor-column elementor-col-100 elementor-top-column elementor-element elementor-element-f6d970f\" data-id=\"f6d970f\" data-element_type=\"column\" data-e-type=\"column\">\n\t\t\t<div class=\"elementor-widget-wrap elementor-element-populated\">\n\t\t\t\t\t\t<div class=\"elementor-element elementor-element-64de912 elementor-grid-3 elementor-grid-tablet-2 elementor-grid-mobile-1 elementor-posts--thumbnail-top elementor-card-shadow-yes elementor-posts__hover-gradient elementor-widget elementor-widget-posts\" data-id=\"64de912\" data-element_type=\"widget\" data-e-type=\"widget\" data-settings=\"{&quot;cards_masonry&quot;:&quot;yes&quot;,&quot;cards_columns&quot;:&quot;3&quot;,&quot;cards_columns_tablet&quot;:&quot;2&quot;,&quot;cards_columns_mobile&quot;:&quot;1&quot;,&quot;cards_row_gap&quot;:{&quot;unit&quot;:&quot;px&quot;,&quot;size&quot;:35,&quot;sizes&quot;:[]},&quot;cards_row_gap_tablet&quot;:{&quot;unit&quot;:&quot;px&quot;,&quot;size&quot;:&quot;&quot;,&quot;sizes&quot;:[]},&quot;cards_row_gap_mobile&quot;:{&quot;unit&quot;:&quot;px&quot;,&quot;size&quot;:&quot;&quot;,&quot;sizes&quot;:[]}}\" data-widget_type=\"posts.cards\">\n\t\t\t\t<div class=\"elementor-widget-container\">\n\t\t\t\t\t\t\t<div class=\"elementor-posts-container elementor-posts elementor-posts--skin-cards elementor-grid\" role=\"list\">\n\t\t\t\t<article class=\"elementor-post elementor-grid-item post-5013 post type-post status-publish format-standard has-post-thumbnail hentry category-etre\" role=\"listitem\">\n\t\t\t<div class=\"elementor-post__card\">\n\t\t\t\t<a class=\"elementor-post__thumbnail__link\" href=\"https:\/\/virginiepetratos.com\/index.php\/2023\/01\/01\/cest-quoi-lart-therapie\/\" tabindex=\"-1\" ><div class=\"elementor-post__thumbnail\"><img decoding=\"async\" width=\"300\" height=\"162\" src=\"https:\/\/virginiepetratos.com\/wp-content\/uploads\/2023\/01\/BLOG_ETRE_AT_ballon_rouge-300x162.webp\" class=\"attachment-medium size-medium wp-image-5217\" alt=\"\" srcset=\"https:\/\/virginiepetratos.com\/wp-content\/uploads\/2023\/01\/BLOG_ETRE_AT_ballon_rouge-300x162.webp 300w, https:\/\/virginiepetratos.com\/wp-content\/uploads\/2023\/01\/BLOG_ETRE_AT_ballon_rouge-768x415.webp 768w, https:\/\/virginiepetratos.com\/wp-content\/uploads\/2023\/01\/BLOG_ETRE_AT_ballon_rouge-600x324.webp 600w, https:\/\/virginiepetratos.com\/wp-content\/uploads\/2023\/01\/BLOG_ETRE_AT_ballon_rouge.webp 800w\" sizes=\"(max-width: 300px) 100vw, 300px\" \/><\/div><\/a>\n\t\t\t\t<div class=\"elementor-post__text\">\n\t\t\t\t<h3 class=\"elementor-post__title\">\n\t\t\t<a href=\"https:\/\/virginiepetratos.com\/index.php\/2023\/01\/01\/cest-quoi-lart-therapie\/\" >\n\t\t\t\tL\u2019art-th\u00e9rapie, un d\u00e9tour pour s\u2019approcher de soi\t\t\t<\/a>\n\t\t<\/h3>\n\t\t\t\t<div class=\"elementor-post__excerpt\">\n\t\t\t<p>Comment la cr\u00e9ation peut-elle transformer ta vie ? D\u00e9couvre les bienfaits de l&rsquo;art-th\u00e9rapie en lisant cet article&#8230;<\/p>\n\t\t<\/div>\n\t\t\n\t\t<a class=\"elementor-post__read-more\" href=\"https:\/\/virginiepetratos.com\/index.php\/2023\/01\/01\/cest-quoi-lart-therapie\/\" aria-label=\"En savoir plus sur L\u2019art-th\u00e9rapie, un d\u00e9tour pour s\u2019approcher de soi\" tabindex=\"-1\" >\n\t\t\tLire la suite \u00bb\t\t<\/a>\n\n\t\t\t\t<\/div>\n\t\t\t\t<div class=\"elementor-post__meta-data\">\n\t\t\t\t\t<span class=\"elementor-post-avatar\">\n\t\t\tAucun commentaire\t\t<\/span>\n\t\t\t\t<\/div>\n\t\t\t\t\t<\/div>\n\t\t<\/article>\n\t\t\t\t<article class=\"elementor-post elementor-grid-item post-4550 post type-post status-publish format-standard has-post-thumbnail hentry category-etre\" role=\"listitem\">\n\t\t\t<div class=\"elementor-post__card\">\n\t\t\t\t<a class=\"elementor-post__thumbnail__link\" href=\"https:\/\/virginiepetratos.com\/index.php\/2022\/12\/13\/elementor-4550\/\" tabindex=\"-1\" ><div class=\"elementor-post__thumbnail\"><img decoding=\"async\" width=\"300\" height=\"160\" src=\"https:\/\/virginiepetratos.com\/wp-content\/uploads\/2022\/12\/BLOG_E_AT_Lunettes-300x160.webp\" class=\"attachment-medium size-medium wp-image-5224\" alt=\"Voir autrement son hypersensibilit\u00e9\" srcset=\"https:\/\/virginiepetratos.com\/wp-content\/uploads\/2022\/12\/BLOG_E_AT_Lunettes-300x160.webp 300w, https:\/\/virginiepetratos.com\/wp-content\/uploads\/2022\/12\/BLOG_E_AT_Lunettes-1024x546.webp 1024w, https:\/\/virginiepetratos.com\/wp-content\/uploads\/2022\/12\/BLOG_E_AT_Lunettes-768x410.webp 768w, https:\/\/virginiepetratos.com\/wp-content\/uploads\/2022\/12\/BLOG_E_AT_Lunettes-600x320.webp 600w, https:\/\/virginiepetratos.com\/wp-content\/uploads\/2022\/12\/BLOG_E_AT_Lunettes.webp 1250w\" sizes=\"(max-width: 300px) 100vw, 300px\" \/><\/div><\/a>\n\t\t\t\t<div class=\"elementor-post__text\">\n\t\t\t\t<h3 class=\"elementor-post__title\">\n\t\t\t<a href=\"https:\/\/virginiepetratos.com\/index.php\/2022\/12\/13\/elementor-4550\/\" >\n\t\t\t\tL&rsquo;hypersensibilit\u00e9, un fardeau ou un cadeau ?\t\t\t<\/a>\n\t\t<\/h3>\n\t\t\t\t<div class=\"elementor-post__excerpt\">\n\t\t\t<p>Si tu as l\u2019impression d\u2019\u00eatre en d\u00e9calage ou de ne pas \u00ab\u00a0rentrer dans les cases\u00a0\u00bb, si tu souffres-tu d\u2019un cerveau qui mouline et d\u2019\u00e9motions d\u00e9bordantes&#8230; Alors, prends le temps de lire cet article !<\/p>\n\t\t<\/div>\n\t\t\n\t\t<a class=\"elementor-post__read-more\" href=\"https:\/\/virginiepetratos.com\/index.php\/2022\/12\/13\/elementor-4550\/\" aria-label=\"En savoir plus sur L&rsquo;hypersensibilit\u00e9, un fardeau ou un cadeau ?\" tabindex=\"-1\" >\n\t\t\tLire la suite \u00bb\t\t<\/a>\n\n\t\t\t\t<\/div>\n\t\t\t\t<div class=\"elementor-post__meta-data\">\n\t\t\t\t\t<span class=\"elementor-post-avatar\">\n\t\t\tUn commentaire\t\t<\/span>\n\t\t\t\t<\/div>\n\t\t\t\t\t<\/div>\n\t\t<\/article>\n\t\t\t\t<article class=\"elementor-post elementor-grid-item post-4304 post type-post status-publish format-standard has-post-thumbnail hentry category-etre\" role=\"listitem\">\n\t\t\t<div class=\"elementor-post__card\">\n\t\t\t\t<a class=\"elementor-post__thumbnail__link\" href=\"https:\/\/virginiepetratos.com\/index.php\/2022\/12\/09\/de-lart-therapie-mais-je-ne-sais-pas-dessiner\/\" tabindex=\"-1\" ><div class=\"elementor-post__thumbnail\"><img decoding=\"async\" width=\"300\" height=\"143\" src=\"https:\/\/virginiepetratos.com\/wp-content\/uploads\/2022\/12\/BLOG_ETRE_EFT_freedom-300x143.webp\" class=\"attachment-medium size-medium wp-image-5284\" alt=\"EFT Techniques de lib\u00e9ration \u00e9motionnelle\" srcset=\"https:\/\/virginiepetratos.com\/wp-content\/uploads\/2022\/12\/BLOG_ETRE_EFT_freedom-300x143.webp 300w, https:\/\/virginiepetratos.com\/wp-content\/uploads\/2022\/12\/BLOG_ETRE_EFT_freedom-768x366.webp 768w, https:\/\/virginiepetratos.com\/wp-content\/uploads\/2022\/12\/BLOG_ETRE_EFT_freedom-600x286.webp 600w, https:\/\/virginiepetratos.com\/wp-content\/uploads\/2022\/12\/BLOG_ETRE_EFT_freedom.webp 900w\" sizes=\"(max-width: 300px) 100vw, 300px\" \/><\/div><\/a>\n\t\t\t\t<div class=\"elementor-post__text\">\n\t\t\t\t<h3 class=\"elementor-post__title\">\n\t\t\t<a href=\"https:\/\/virginiepetratos.com\/index.php\/2022\/12\/09\/de-lart-therapie-mais-je-ne-sais-pas-dessiner\/\" >\n\t\t\t\tL\u2019EFT, pour transformer tout ce qui te g\u00e2che la vie !\t\t\t<\/a>\n\t\t<\/h3>\n\t\t\t\t<div class=\"elementor-post__excerpt\">\n\t\t\t<p>Notre sant\u00e9, nos pens\u00e9es et nos performances d\u00e9pendent de la qualit\u00e9 des \u00e9motions que nous ressentons au quotidien. D\u00e9couvre en lisant cet article sur les techniques de lib\u00e9rations \u00e9motionnelles, comment transformer durablement ce qui te g\u00e2che la vie&#8230; <\/p>\n\t\t<\/div>\n\t\t\n\t\t<a class=\"elementor-post__read-more\" href=\"https:\/\/virginiepetratos.com\/index.php\/2022\/12\/09\/de-lart-therapie-mais-je-ne-sais-pas-dessiner\/\" aria-label=\"En savoir plus sur L\u2019EFT, pour transformer tout ce qui te g\u00e2che la vie !\" tabindex=\"-1\" >\n\t\t\tLire la suite \u00bb\t\t<\/a>\n\n\t\t\t\t<\/div>\n\t\t\t\t<div class=\"elementor-post__meta-data\">\n\t\t\t\t\t<span class=\"elementor-post-avatar\">\n\t\t\tAucun commentaire\t\t<\/span>\n\t\t\t\t<\/div>\n\t\t\t\t\t<\/div>\n\t\t<\/article>\n\t\t\t\t<\/div>\n\t\t\n\t\t\t\t\t\t<\/div>\n\t\t\t\t<\/div>\n\t\t\t\t\t<\/div>\n\t\t<\/div>\n\t\t\t\t\t<\/div>\n\t\t<\/section>\n\t\t\t\t<\/div>\n\t\t","protected":false},"excerpt":{"rendered":"","protected":false},"author":1,"featured_media":0,"parent":0,"menu_order":0,"comment_status":"closed","ping_status":"closed","template":"","meta":{"footnotes":""},"class_list":["post-2871","page","type-page","status-publish","hentry"],"_links":{"self":[{"href":"https:\/\/virginiepetratos.com\/index.php\/wp-json\/wp\/v2\/pages\/2871","targetHints":{"allow":["GET"]}}],"collection":[{"href":"https:\/\/virginiepetratos.com\/index.php\/wp-json\/wp\/v2\/pages"}],"about":[{"href":"https:\/\/virginiepetratos.com\/index.php\/wp-json\/wp\/v2\/types\/page"}],"author":[{"embeddable":true,"href":"https:\/\/virginiepetratos.com\/index.php\/wp-json\/wp\/v2\/users\/1"}],"replies":[{"embeddable":true,"href":"https:\/\/virginiepetratos.com\/index.php\/wp-json\/wp\/v2\/comments?post=2871"}],"version-history":[{"count":34,"href":"https:\/\/virginiepetratos.com\/index.php\/wp-json\/wp\/v2\/pages\/2871\/revisions"}],"predecessor-version":[{"id":5635,"href":"https:\/\/virginiepetratos.com\/index.php\/wp-json\/wp\/v2\/pages\/2871\/revisions\/5635"}],"wp:attachment":[{"href":"https:\/\/virginiepetratos.com\/index.php\/wp-json\/wp\/v2\/media?parent=2871"}],"curies":[{"name":"wp","href":"https:\/\/api.w.org\/{rel}","templated":true}]}}